{"id":1332,"date":"2021-11-11T11:57:58","date_gmt":"2021-11-11T16:57:58","guid":{"rendered":"https:\/\/restaurantducollege.com\/our-history\/"},"modified":"2021-11-29T11:46:09","modified_gmt":"2021-11-29T16:46:09","slug":"our-history-st-laurent-institution","status":"publish","type":"page","link":"https:\/\/restaurantducollege.com\/en\/our-history-st-laurent-institution\/","title":{"rendered":"Our history"},"content":{"rendered":"<p>[et_pb_section fb_built=&#8221;1&#8243; custom_padding_last_edited=&#8221;on|phone&#8221; admin_label=&#8221;Header&#8221; _builder_version=&#8221;4.9.6&#8243; _module_preset=&#8221;default&#8221; background_image=&#8221;https:\/\/restaurantducollege.com\/wp-content\/uploads\/2021\/11\/pasta_01.jpg&#8221; parallax=&#8221;on&#8221; custom_padding=&#8221;16%||5%||false|false&#8221; custom_padding_tablet=&#8221;25%||||false|false&#8221; custom_padding_phone=&#8221;60%||||false|false&#8221;][et_pb_row _builder_version=&#8221;4.9.6&#8243; _module_preset=&#8221;default&#8221; custom_margin=&#8221;2.1%|auto|2.1%|auto|true|false&#8221;][et_pb_column type=&#8221;4_4&#8243; _builder_version=&#8221;4.6.1&#8243; _module_preset=&#8221;default&#8221;][et_pb_text _builder_version=&#8221;4.9.6&#8243; _module_preset=&#8221;default&#8221; header_font=&#8221;||||||||&#8221; header_font_size=&#8221;120px&#8221; header_letter_spacing=&#8221;5px&#8221; header_line_height=&#8221;1.2em&#8221; header_font_size_tablet=&#8221;60px&#8221; header_font_size_phone=&#8221;40px&#8221; header_font_size_last_edited=&#8221;on|phone&#8221;]<\/p>\n<h1>Our history<\/h1>\n<p>[\/et_pb_text][\/et_pb_column][\/et_pb_row][\/et_pb_section][et_pb_section fb_built=&#8221;1&#8243; admin_label=&#8221;About&#8221; _builder_version=&#8221;4.9.6&#8243; _module_preset=&#8221;default&#8221; custom_padding=&#8221;||4px|||&#8221;][et_pb_row column_structure=&#8221;1_2,1_2&#8243; _builder_version=&#8221;4.9.6&#8243; _module_preset=&#8221;default&#8221; custom_padding=&#8221;||8px|||&#8221;][et_pb_column type=&#8221;1_2&#8243; _builder_version=&#8221;4.9.6&#8243; _module_preset=&#8221;default&#8221; background_color_gradient_direction=&#8221;90deg&#8221; custom_padding=&#8221;||||true|false&#8221; custom_padding_tablet=&#8221;&#8221; custom_padding_phone=&#8221;0px||0px||true|false&#8221; custom_padding_last_edited=&#8221;on|phone&#8221;][et_pb_text _builder_version=&#8221;4.9.6&#8243; _module_preset=&#8221;default&#8221; text_font_size=&#8221;15px&#8221; text_line_height=&#8221;2em&#8221; header_4_font=&#8221;|700|||||||&#8221; text_font_size_tablet=&#8221;14px&#8221; text_font_size_phone=&#8221;&#8221; text_font_size_last_edited=&#8221;on|phone&#8221; locked=&#8221;off&#8221;]<\/p>\n<h4>A St-Laurent institution<\/h4>\n<p>In 1973, first owners, Maria and Tony, opened their new business, Restaurant Du Coll\u00e8ge. Located at the corner of Decarie Boulevard and Du Coll\u00e8ge Street, the restaurant quickly became a staple for the community in the St-Laurent borough. In addition to serving residents and students, the restaurant welcomed many workers from surrounding large companies and industries that were once very numerous in the area. In 2008, the reins of Restaurant Du Coll\u00e8ge were handed over to the current owners, Jill and Yvo, who would bring a wind of change to this well established name.<\/p>\n<p>[\/et_pb_text][\/et_pb_column][et_pb_column type=&#8221;1_2&#8243; _builder_version=&#8221;4.9.6&#8243; _module_preset=&#8221;default&#8221; background_color_gradient_direction=&#8221;90deg&#8221; custom_padding=&#8221;||||true|false&#8221; custom_padding_tablet=&#8221;&#8221; custom_padding_phone=&#8221;2.5%||2.5%||true|false&#8221; custom_padding_last_edited=&#8221;on|phone&#8221;][et_pb_text _builder_version=&#8221;4.9.6&#8243; _module_preset=&#8221;default&#8221; text_font_size=&#8221;15px&#8221; text_line_height=&#8221;2em&#8221; header_4_font=&#8221;|700|||||||&#8221; text_font_size_tablet=&#8221;14px&#8221; text_font_size_phone=&#8221;&#8221; text_font_size_last_edited=&#8221;on|phone&#8221; locked=&#8221;off&#8221;]<\/p>\n<h4>An always evolving St-Laurent institution<\/h4>\n<p>Before being acquired by Jill and Yvo, the St-Laurent institution was a greasy spoon type of place serving hot dogs, fries, burgers, subs and thick-crust pizzas, among other things.<\/p>\n<p>The culinary offerings of Restaurant Du Coll\u00e8ge have therefore changed over the years as it now features an<strong> extensive menu of Italian, Mediterranean and typical Canadian dishes<\/strong>, including a wide choice of healthy and some still not-so-healthy fare. Over the generations, the restaurant continues to appeal to customers of all ages and culinary preferences.<\/p>\n<p>[\/et_pb_text][\/et_pb_column][\/et_pb_row][\/et_pb_section][et_pb_section fb_built=&#8221;1&#8243; custom_padding_last_edited=&#8221;off|desktop&#8221; admin_label=&#8221;Call to Action&#8221; _builder_version=&#8221;4.9.6&#8243; _module_preset=&#8221;default&#8221; background_image=&#8221;https:\/\/restaurantducollege.com\/wp-content\/uploads\/2021\/11\/restaurant-du-college-exterieur-1.jpg&#8221; background_position=&#8221;bottom_center&#8221; background_blend=&#8221;luminosity&#8221; width=&#8221;80%&#8221; max_width=&#8221;1660px&#8221; max_width_last_edited=&#8221;off|desktop&#8221; module_alignment=&#8221;center&#8221; custom_margin=&#8221;5%||5%||true|false&#8221; custom_margin_tablet=&#8221;&#8221; custom_margin_phone=&#8221;0%||5%||false|false&#8221; custom_margin_last_edited=&#8221;on|phone&#8221; custom_padding=&#8221;0px||0px|||&#8221; custom_padding_tablet=&#8221;||||true|true&#8221; custom_padding_phone=&#8221;||||true|true&#8221; background_last_edited=&#8221;on|desktop&#8221; background_enable_image_phone=&#8221;off&#8221; locked=&#8221;off&#8221;][et_pb_row column_structure=&#8221;1_2,1_2&#8243; use_custom_gutter=&#8221;on&#8221; gutter_width=&#8221;1&#8243; _builder_version=&#8221;4.9.6&#8243; _module_preset=&#8221;default&#8221; width=&#8221;100%&#8221; max_width=&#8221;100%&#8221; custom_padding=&#8221;0px||0px||true|false&#8221;][et_pb_column type=&#8221;1_2&#8243; _builder_version=&#8221;4.9.6&#8243; _module_preset=&#8221;default&#8221; custom_padding=&#8221;10%|80px|20px|80px|false|true&#8221; custom_padding_tablet=&#8221;&#8221; custom_padding_phone=&#8221;0%||||false|true&#8221; custom_padding_last_edited=&#8221;on|phone&#8221;][\/et_pb_column][et_pb_column type=&#8221;1_2&#8243; _builder_version=&#8221;4.9.6&#8243; _module_preset=&#8221;default&#8221; background_color=&#8221;#ffffff&#8221; custom_padding=&#8221;60px|60px|60px|60px|false|false&#8221; custom_padding_tablet=&#8221;30px|30px|30px|30px|true|true&#8221; custom_padding_phone=&#8221;0px|0px|0px|0px|false|true&#8221; custom_padding_last_edited=&#8221;on|desktop&#8221;][et_pb_text _builder_version=&#8221;4.9.6&#8243; _module_preset=&#8221;default&#8221; text_font_size=&#8221;15px&#8221; text_line_height=&#8221;2em&#8221; header_4_font=&#8221;|700|||||||&#8221; custom_margin=&#8221;||||true|false&#8221; text_font_size_tablet=&#8221;14px&#8221; text_font_size_phone=&#8221;&#8221; text_font_size_last_edited=&#8221;on|phone&#8221; locked=&#8221;off&#8221;]<\/p>\n<h4>The restaurant that saw the birth of the metro station<\/h4>\n<p>Extensively renovated and updated in 2014, this St-Laurent institution has not only experienced change to its own premises over the years.<\/p>\n<p>On the contrary, the restaurant has also witnessed a significant change to the neighbourhood: the birth of a metro station. Directly across from the restaurant, the Du Coll\u00e8ge metro station (named after Coll\u00e8ge de St-Laurent, now the C\u00e9gep St-Laurent) was constructed, having its grand inauguration in 1984. Little known, during its construction, Restaurant Du College welcomed the workers who came out from underground to eat!<\/p>\n<p>[\/et_pb_text][et_pb_text _builder_version=&#8221;4.9.6&#8243; _module_preset=&#8221;default&#8221; text_font_size=&#8221;15px&#8221; text_line_height=&#8221;2em&#8221; header_4_font=&#8221;|700|||||||&#8221; custom_margin=&#8221;5%||||false|false&#8221; hover_enabled=&#8221;0&#8243; text_font_size_tablet=&#8221;14px&#8221; text_font_size_phone=&#8221;&#8221; text_font_size_last_edited=&#8221;on|phone&#8221; locked=&#8221;off&#8221; sticky_enabled=&#8221;0&#8243;]<\/p>\n<h4>The continuity of a warm welcome<\/h4>\n<p>Determined to continue this St-Laurent institution, Yvo and Jill strive to offer quality meals that stand out for their <strong>freshness and taste<\/strong> while providing a <strong>warm and friendly<\/strong> customer experience.<\/p>\n<p>When good taste, good price and good service come together, customers go back because it&#8217;s simply delicious!<\/p>\n<p>[\/et_pb_text][\/et_pb_column][\/et_pb_row][et_pb_row column_structure=&#8221;1_2,1_2&#8243; use_custom_gutter=&#8221;on&#8221; gutter_width=&#8221;1&#8243; _builder_version=&#8221;4.9.6&#8243; _module_preset=&#8221;default&#8221; width=&#8221;100%&#8221; max_width=&#8221;100%&#8221; custom_padding=&#8221;0px||0px||true|false&#8221;][et_pb_column type=&#8221;1_2&#8243; _builder_version=&#8221;4.9.6&#8243; _module_preset=&#8221;default&#8221; custom_padding=&#8221;||||false|false&#8221; custom_padding_tablet=&#8221;&#8221; custom_padding_phone=&#8221;10%||||false|false&#8221; custom_padding_last_edited=&#8221;on|phone&#8221;][et_pb_button button_url=&#8221;@ET-DC@eyJkeW5hbWljIjp0cnVlLCJjb250ZW50IjoicG9zdF9saW5rX3VybF9wYWdlIiwic2V0dGluZ3MiOnsicG9zdF9pZCI6IjEwOTAifX0=@&#8221; button_text=&#8221;Delivery&#8221; button_alignment=&#8221;right&#8221; button_alignment_tablet=&#8221;&#8221; button_alignment_phone=&#8221;center&#8221; button_alignment_last_edited=&#8221;on|phone&#8221; _builder_version=&#8221;4.9.6&#8243; _dynamic_attributes=&#8221;button_url&#8221; _module_preset=&#8221;default&#8221; custom_button=&#8221;on&#8221; button_text_size=&#8221;12px&#8221; button_text_color=&#8221;#000000&#8243; button_bg_color=&#8221;#FFFFFF&#8221; button_border_width=&#8221;0px&#8221; button_border_radius=&#8221;0px&#8221; button_letter_spacing=&#8221;4px&#8221; button_font=&#8221;|700||on|||||&#8221; custom_padding=&#8221;40px|60px|40px|60px|true|true&#8221; button_text_color_tablet=&#8221;&#8221; button_text_color_phone=&#8221;#FFFFFF&#8221; button_text_color_last_edited=&#8221;on|phone&#8221; button_bg_color_tablet=&#8221;&#8221; button_bg_color_phone=&#8221;#A81725&#8243; button_bg_color_last_edited=&#8221;on|tablet&#8221; button_bg_enable_color_phone=&#8221;on&#8221; locked=&#8221;off&#8221;][\/et_pb_button][\/et_pb_column][et_pb_column type=&#8221;1_2&#8243; _builder_version=&#8221;4.6.3&#8243; _module_preset=&#8221;default&#8221;][\/et_pb_column][\/et_pb_row][\/et_pb_section]<\/p>\n","protected":false},"excerpt":{"rendered":"<p>Our historyA St-Laurent institution In 1973, first owners, Maria and Tony, opened their new business, Restaurant Du Coll\u00e8ge. Located at the corner of Decarie Boulevard and Du Coll\u00e8ge Street, the restaurant quickly became a staple for the community in the St-Laurent borough. In addition to serving residents and students, the restaurant welcomed many workers from [&hellip;]<\/p>\n","protected":false},"author":2,"featured_media":0,"parent":0,"menu_order":0,"comment_status":"closed","ping_status":"closed","template":"","meta":{"_et_pb_use_builder":"on","_et_pb_old_content":"","_et_gb_content_width":""},"_links":{"self":[{"href":"https:\/\/restaurantducollege.com\/en\/wp-json\/wp\/v2\/pages\/1332"}],"collection":[{"href":"https:\/\/restaurantducollege.com\/en\/wp-json\/wp\/v2\/pages"}],"about":[{"href":"https:\/\/restaurantducollege.com\/en\/wp-json\/wp\/v2\/types\/page"}],"author":[{"embeddable":true,"href":"https:\/\/restaurantducollege.com\/en\/wp-json\/wp\/v2\/users\/2"}],"replies":[{"embeddable":true,"href":"https:\/\/restaurantducollege.com\/en\/wp-json\/wp\/v2\/comments?post=1332"}],"version-history":[{"count":7,"href":"https:\/\/restaurantducollege.com\/en\/wp-json\/wp\/v2\/pages\/1332\/revisions"}],"predecessor-version":[{"id":1542,"href":"https:\/\/restaurantducollege.com\/en\/wp-json\/wp\/v2\/pages\/1332\/revisions\/1542"}],"wp:attachment":[{"href":"https:\/\/restaurantducollege.com\/en\/wp-json\/wp\/v2\/media?parent=1332"}],"curies":[{"name":"wp","href":"https:\/\/api.w.org\/{rel}","templated":true}]}}